{"id":2,"date":"2013-09-03T13:55:39","date_gmt":"2013-09-03T13:55:39","guid":{"rendered":"http:\/\/lectio.benediktini.sk\/?page_id=2"},"modified":"2013-09-28T08:36:18","modified_gmt":"2013-09-28T06:36:18","slug":"lectio","status":"publish","type":"page","link":"https:\/\/lectio.benediktini.sk\/","title":{"rendered":"Lectio"},"content":{"rendered":"<p>Toto je pr\u00edklad str\u00e1nky. Je odli\u0161n\u00e1 od \u010dl\u00e1nku blogu, preto\u017ee ostane na jednom mieste a objav\u00ed sa v navig\u00e1cii va\u0161ej str\u00e1nky (vo v\u00e4\u010d\u0161ine t\u00e9m). V\u00e4\u010d\u0161ina \u013eud\u00ed za\u010d\u00edna str\u00e1nkou O mne, ktor\u00e1 ich predstavuje potenci\u00e1lnym n\u00e1v\u0161tevn\u00edkom webu. M\u00f4\u017ee na nej by\u0165 nie\u010do ako:<\/p>\n<blockquote><p>Ahoj! Cez de\u0148 som posl\u00ed\u010dek na bicykli, v noci n\u00e1dejn\u00fd herec a toto je m\u00f4j blog. B\u00fdvam v Los Angeles, m\u00e1m skvel\u00e9ho psa menom Jack a m\u00e1m r\u00e1d Pi\u00f1a Coladu. As\u0165ala Vis\u0165a!<\/p><\/blockquote>\n<p>&#8230;alebo nie\u010do ako toto:<\/p>\n<blockquote><p>Spolo\u010dnos\u0165 XYZ Doohickey bola zalo\u017een\u00e1 v roku 1971 a odvtedy poskytuje verejnosti kvalitn\u00e9 &#8222;ve\u013ek\u00e9 ni\u010d&#8220;. Nach\u00e1dza sa v Gotham City, XYZ zamestn\u00e1va viac ako 2000 \u013eud\u00ed a rob\u00ed v\u0161etky druhy \u00fa\u017easn\u00fdch vec\u00ed pre obec Gotham.<\/p><\/blockquote>\n<p>Ako nov\u00fd pou\u017e\u00edvate\u013e WordPressu by ste mali prejs\u0165 do <a href=\"http:\/\/lectio.benediktini.sk\/wp-admin\/\">administr\u00e1cie<\/a>, odstr\u00e1ni\u0165 t\u00fato stranu a vytvori\u0165 pre v\u00e1\u0161 web nov\u00e9 strany. Bavte sa!<\/p>\n","protected":false},"excerpt":{"rendered":"<p>Toto je pr\u00edklad str\u00e1nky. Je odli\u0161n\u00e1 od \u010dl\u00e1nku blogu, preto\u017ee ostane na jednom mieste a objav\u00ed sa v navig\u00e1cii va\u0161ej str\u00e1nky (vo v\u00e4\u010d\u0161ine t\u00e9m). V\u00e4\u010d\u0161ina \u013eud\u00ed za\u010d\u00edna str\u00e1nkou O mne, ktor\u00e1 ich predstavuje potenci\u00e1lnym n\u00e1v\u0161tevn\u00edkom webu. M\u00f4\u017ee na nej by\u0165 nie\u010do ako: Ahoj! Cez de\u0148 som posl\u00ed\u010dek na bicykli, v noci n\u00e1dejn\u00fd herec a toto [&hellip;]<\/p>\n","protected":false},"author":1,"featured_media":0,"parent":0,"menu_order":0,"comment_status":"closed","ping_status":"closed","template":"","meta":{"footnotes":""},"class_list":["post-2","page","type-page","status-publish","hentry"],"_links":{"self":[{"href":"https:\/\/lectio.benediktini.sk\/index.php?rest_route=\/wp\/v2\/pages\/2","targetHints":{"allow":["GET"]}}],"collection":[{"href":"https:\/\/lectio.benediktini.sk\/index.php?rest_route=\/wp\/v2\/pages"}],"about":[{"href":"https:\/\/lectio.benediktini.sk\/index.php?rest_route=\/wp\/v2\/types\/page"}],"author":[{"embeddable":true,"href":"https:\/\/lectio.benediktini.sk\/index.php?rest_route=\/wp\/v2\/users\/1"}],"replies":[{"embeddable":true,"href":"https:\/\/lectio.benediktini.sk\/index.php?rest_route=%2Fwp%2Fv2%2Fcomments&post=2"}],"version-history":[{"count":2,"href":"https:\/\/lectio.benediktini.sk\/index.php?rest_route=\/wp\/v2\/pages\/2\/revisions"}],"predecessor-version":[{"id":27,"href":"https:\/\/lectio.benediktini.sk\/index.php?rest_route=\/wp\/v2\/pages\/2\/revisions\/27"}],"wp:attachment":[{"href":"https:\/\/lectio.benediktini.sk\/index.php?rest_route=%2Fwp%2Fv2%2Fmedia&parent=2"}],"curies":[{"name":"wp","href":"https:\/\/api.w.org\/{rel}","templated":true}]}}